{"id":609,"date":"2026-02-03T22:37:46","date_gmt":"2026-02-03T21:37:46","guid":{"rendered":"https:\/\/www.sandrapeintredecor.com\/?page_id=609"},"modified":"2026-02-03T22:37:46","modified_gmt":"2026-02-03T21:37:46","slug":"renovation-bati-ancien","status":"publish","type":"page","link":"https:\/\/www.sandrapeintredecor.com\/index.php\/renovation-bati-ancien\/","title":{"rendered":"RENOVATION B\u00c2TI ANCIEN"},"content":{"rendered":"","protected":false},"excerpt":{"rendered":"","protected":false},"author":3,"featured_media":0,"parent":0,"menu_order":0,"comment_status":"closed","ping_status":"closed","template":"","meta":{"footnotes":""},"class_list":["post-609","page","type-page","status-publish","hentry"],"yoast_head":"<!-- This site is optimized with the Yoast SEO plugin v26.9 - https:\/\/yoast.com\/product\/yoast-seo-wordpress\/ -->\n<title>RENOVATION B\u00c2TI ANCIEN - Sandra Durand<\/title>\n<meta name=\"description\" content=\"Chaux, pl\u00e2tre, enduit, badigeon, patines pigments\" \/>\n<meta name=\"robots\" content=\"index, follow, max-snippet:-1, max-image-preview:large, max-video-preview:-1\" \/>\n<link rel=\"canonical\" href=\"https:\/\/www.sandrapeintredecor.com\/index.php\/renovation-bati-ancien\/\" \/>\n<meta property=\"og:locale\" content=\"fr_FR\" \/>\n<meta property=\"og:type\" content=\"article\" \/>\n<meta property=\"og:title\" content=\"RENOVATION B\u00c2TI ANCIEN - Sandra Durand\" \/>\n<meta property=\"og:description\" content=\"Chaux, pl\u00e2tre, enduit, badigeon, patines pigments\" \/>\n<meta property=\"og:url\" content=\"https:\/\/www.sandrapeintredecor.com\/index.php\/renovation-bati-ancien\/\" \/>\n<meta property=\"og:site_name\" content=\"Sandra Durand\" \/>\n<meta name=\"twitter:card\" content=\"summary_large_image\" \/>\n<script type=\"application\/ld+json\" class=\"yoast-schema-graph\">{\"@context\":\"https:\/\/schema.org\",\"@graph\":[{\"@type\":\"WebPage\",\"@id\":\"https:\/\/www.sandrapeintredecor.com\/index.php\/renovation-bati-ancien\/\",\"url\":\"https:\/\/www.sandrapeintredecor.com\/index.php\/renovation-bati-ancien\/\",\"name\":\"RENOVATION B\u00c2TI ANCIEN - Sandra Durand\",\"isPartOf\":{\"@id\":\"https:\/\/www.sandrapeintredecor.com\/#website\"},\"datePublished\":\"2026-02-03T21:37:46+00:00\",\"description\":\"Chaux, pl\u00e2tre, enduit, badigeon, patines pigments\",\"breadcrumb\":{\"@id\":\"https:\/\/www.sandrapeintredecor.com\/index.php\/renovation-bati-ancien\/#breadcrumb\"},\"inLanguage\":\"fr-FR\",\"potentialAction\":[{\"@type\":\"ReadAction\",\"target\":[\"https:\/\/www.sandrapeintredecor.com\/index.php\/renovation-bati-ancien\/\"]}]},{\"@type\":\"BreadcrumbList\",\"@id\":\"https:\/\/www.sandrapeintredecor.com\/index.php\/renovation-bati-ancien\/#breadcrumb\",\"itemListElement\":[{\"@type\":\"ListItem\",\"position\":1,\"name\":\"Accueil\",\"item\":\"https:\/\/www.sandrapeintredecor.com\/\"},{\"@type\":\"ListItem\",\"position\":2,\"name\":\"RENOVATION B\u00c2TI ANCIEN\"}]},{\"@type\":\"WebSite\",\"@id\":\"https:\/\/www.sandrapeintredecor.com\/#website\",\"url\":\"https:\/\/www.sandrapeintredecor.com\/\",\"name\":\"Sandra Durand\",\"description\":\"Peinture D\u00e9cor, R\u00e9novation B\u00e2ti Ancien, Ateliers D\u00e9cor Mural, Portrait d&#039;apr\u00e8s Photographie.\",\"publisher\":{\"@id\":\"https:\/\/www.sandrapeintredecor.com\/#\/schema\/person\/8605e48569beedf8745f55bf36b6f5d3\"},\"potentialAction\":[{\"@type\":\"SearchAction\",\"target\":{\"@type\":\"EntryPoint\",\"urlTemplate\":\"https:\/\/www.sandrapeintredecor.com\/?s={search_term_string}\"},\"query-input\":{\"@type\":\"PropertyValueSpecification\",\"valueRequired\":true,\"valueName\":\"search_term_string\"}}],\"inLanguage\":\"fr-FR\"},{\"@type\":[\"Person\",\"Organization\"],\"@id\":\"https:\/\/www.sandrapeintredecor.com\/#\/schema\/person\/8605e48569beedf8745f55bf36b6f5d3\",\"name\":\"Sandra DURAND\",\"image\":{\"@type\":\"ImageObject\",\"inLanguage\":\"fr-FR\",\"@id\":\"https:\/\/www.sandrapeintredecor.com\/#\/schema\/person\/image\/\",\"url\":\"https:\/\/www.sandrapeintredecor.com\/wp-content\/uploads\/2023\/10\/2014-renovation-de-la-rosace-dun-plafond-en-trompe-loeil-Fleurance-32-scaled.jpg\",\"contentUrl\":\"https:\/\/www.sandrapeintredecor.com\/wp-content\/uploads\/2023\/10\/2014-renovation-de-la-rosace-dun-plafond-en-trompe-loeil-Fleurance-32-scaled.jpg\",\"width\":2560,\"height\":1920,\"caption\":\"Sandra DURAND\"},\"logo\":{\"@id\":\"https:\/\/www.sandrapeintredecor.com\/#\/schema\/person\/image\/\"}}]}<\/script>\n<!-- \/ Yoast SEO plugin. -->","yoast_head_json":{"title":"RENOVATION B\u00c2TI ANCIEN - Sandra Durand","description":"Chaux, pl\u00e2tre, enduit, badigeon, patines pigments","robots":{"index":"index","follow":"follow","max-snippet":"max-snippet:-1","max-image-preview":"max-image-preview:large","max-video-preview":"max-video-preview:-1"},"canonical":"https:\/\/www.sandrapeintredecor.com\/index.php\/renovation-bati-ancien\/","og_locale":"fr_FR","og_type":"article","og_title":"RENOVATION B\u00c2TI ANCIEN - Sandra Durand","og_description":"Chaux, pl\u00e2tre, enduit, badigeon, patines pigments","og_url":"https:\/\/www.sandrapeintredecor.com\/index.php\/renovation-bati-ancien\/","og_site_name":"Sandra Durand","twitter_card":"summary_large_image","schema":{"@context":"https:\/\/schema.org","@graph":[{"@type":"WebPage","@id":"https:\/\/www.sandrapeintredecor.com\/index.php\/renovation-bati-ancien\/","url":"https:\/\/www.sandrapeintredecor.com\/index.php\/renovation-bati-ancien\/","name":"RENOVATION B\u00c2TI ANCIEN - Sandra Durand","isPartOf":{"@id":"https:\/\/www.sandrapeintredecor.com\/#website"},"datePublished":"2026-02-03T21:37:46+00:00","description":"Chaux, pl\u00e2tre, enduit, badigeon, patines pigments","breadcrumb":{"@id":"https:\/\/www.sandrapeintredecor.com\/index.php\/renovation-bati-ancien\/#breadcrumb"},"inLanguage":"fr-FR","potentialAction":[{"@type":"ReadAction","target":["https:\/\/www.sandrapeintredecor.com\/index.php\/renovation-bati-ancien\/"]}]},{"@type":"BreadcrumbList","@id":"https:\/\/www.sandrapeintredecor.com\/index.php\/renovation-bati-ancien\/#breadcrumb","itemListElement":[{"@type":"ListItem","position":1,"name":"Accueil","item":"https:\/\/www.sandrapeintredecor.com\/"},{"@type":"ListItem","position":2,"name":"RENOVATION B\u00c2TI ANCIEN"}]},{"@type":"WebSite","@id":"https:\/\/www.sandrapeintredecor.com\/#website","url":"https:\/\/www.sandrapeintredecor.com\/","name":"Sandra Durand","description":"Peinture D\u00e9cor, R\u00e9novation B\u00e2ti Ancien, Ateliers D\u00e9cor Mural, Portrait d&#039;apr\u00e8s Photographie.","publisher":{"@id":"https:\/\/www.sandrapeintredecor.com\/#\/schema\/person\/8605e48569beedf8745f55bf36b6f5d3"},"potentialAction":[{"@type":"SearchAction","target":{"@type":"EntryPoint","urlTemplate":"https:\/\/www.sandrapeintredecor.com\/?s={search_term_string}"},"query-input":{"@type":"PropertyValueSpecification","valueRequired":true,"valueName":"search_term_string"}}],"inLanguage":"fr-FR"},{"@type":["Person","Organization"],"@id":"https:\/\/www.sandrapeintredecor.com\/#\/schema\/person\/8605e48569beedf8745f55bf36b6f5d3","name":"Sandra DURAND","image":{"@type":"ImageObject","inLanguage":"fr-FR","@id":"https:\/\/www.sandrapeintredecor.com\/#\/schema\/person\/image\/","url":"https:\/\/www.sandrapeintredecor.com\/wp-content\/uploads\/2023\/10\/2014-renovation-de-la-rosace-dun-plafond-en-trompe-loeil-Fleurance-32-scaled.jpg","contentUrl":"https:\/\/www.sandrapeintredecor.com\/wp-content\/uploads\/2023\/10\/2014-renovation-de-la-rosace-dun-plafond-en-trompe-loeil-Fleurance-32-scaled.jpg","width":2560,"height":1920,"caption":"Sandra DURAND"},"logo":{"@id":"https:\/\/www.sandrapeintredecor.com\/#\/schema\/person\/image\/"}}]}},"_links":{"self":[{"href":"https:\/\/www.sandrapeintredecor.com\/index.php\/wp-json\/wp\/v2\/pages\/609","targetHints":{"allow":["GET"]}}],"collection":[{"href":"https:\/\/www.sandrapeintredecor.com\/index.php\/wp-json\/wp\/v2\/pages"}],"about":[{"href":"https:\/\/www.sandrapeintredecor.com\/index.php\/wp-json\/wp\/v2\/types\/page"}],"author":[{"embeddable":true,"href":"https:\/\/www.sandrapeintredecor.com\/index.php\/wp-json\/wp\/v2\/users\/3"}],"replies":[{"embeddable":true,"href":"https:\/\/www.sandrapeintredecor.com\/index.php\/wp-json\/wp\/v2\/comments?post=609"}],"version-history":[{"count":1,"href":"https:\/\/www.sandrapeintredecor.com\/index.php\/wp-json\/wp\/v2\/pages\/609\/revisions"}],"predecessor-version":[{"id":611,"href":"https:\/\/www.sandrapeintredecor.com\/index.php\/wp-json\/wp\/v2\/pages\/609\/revisions\/611"}],"wp:attachment":[{"href":"https:\/\/www.sandrapeintredecor.com\/index.php\/wp-json\/wp\/v2\/media?parent=609"}],"curies":[{"name":"wp","href":"https:\/\/api.w.org\/{rel}","templated":true}]}}